{"id":77378,"date":"2013-07-28T09:06:35","date_gmt":"2013-07-28T07:06:35","guid":{"rendered":"https:\/\/www.taijipodlupou.cz\/tai-chi-basics\/centrum-tela-tai-chi\/"},"modified":"2024-03-05T11:00:27","modified_gmt":"2024-03-05T10:00:27","slug":"center-of-the-body","status":"publish","type":"page","link":"https:\/\/www.taijipodlupou.cz\/en\/tai-chi-basics\/center-of-the-body\/","title":{"rendered":"Center of the body"},"content":{"rendered":"<div class=\"members-access-error\"><strong>P\u0159ihlaste se v pati\u010dce webu.<\/strong><\/p>\n<p class=\"restricted\"><strong>CZ:<\/strong> Nem\u00e1te p\u0159\u00edstup? P\u0159e\u010dtete si o <a href=\"https:\/\/www.taijipodlupou.cz\/studijni-materialy-tai-chi-chuan\/\">registraci do studijn\u00ed sekce<\/a>.<br \/>\n<strong>EN:<\/strong> If you do not have the acess, please visit <a href=\"https:\/\/www.taijipodlupou.cz\/en\/tai-chi-courses\/\">registration into the website<\/a>.<\/p>\n<\/div>\n","protected":false},"excerpt":{"rendered":"<div class=\"members-access-error\"><strong>P\u0159ihlaste se v pati\u010dce webu.<\/strong><\/p>\n<p class=\"restricted\"><strong>CZ:<\/strong> Nem\u00e1te p\u0159\u00edstup? P\u0159e\u010dtete si o <a href=\"https:\/\/www.taijipodlupou.cz\/studijni-materialy-tai-chi-chuan\/\">registraci do studijn\u00ed sekce<\/a>.<br \/>\n<strong>EN:<\/strong> If you do not have the acess, please visit <a href=\"https:\/\/www.taijipodlupou.cz\/en\/tai-chi-courses\/\">registration into the website<\/a>.<\/p>\n<\/div>\n","protected":false},"author":2,"featured_media":0,"parent":77328,"menu_order":3,"comment_status":"closed","ping_status":"closed","template":"100-width.php","meta":{"footnotes":""},"class_list":["post-77378","page","type-page","status-publish","hentry"],"yoast_head":"<!-- This site is optimized with the Yoast SEO plugin v27.4 - https:\/\/yoast.com\/product\/yoast-seo-wordpress\/ -->\n<title>Center of the body - st\u0159ed t\u011bla v Taiji (Tai chi) &#8211; Taijipodlupou.cz<\/title>\n<meta name=\"description\" content=\"V Taiji (Tai chi) za st\u0159ed t\u011bla pova\u017eujeme bod Dantian. Nach\u00e1z\u00ed se p\u0159ibli\u017en\u011b dva prsty pod pupkem a \u00fazce koresponduje s t\u011b\u017ei\u0161t\u011bm t\u011bla.\" \/>\n<meta name=\"robots\" content=\"index, follow, max-snippet:-1, max-image-preview:large, max-video-preview:-1\" \/>\n<link rel=\"canonical\" href=\"https:\/\/www.taijipodlupou.cz\/en\/tai-chi-basics\/center-of-the-body\/\" \/>\n<meta property=\"og:locale\" content=\"en_US\" \/>\n<meta property=\"og:type\" content=\"article\" \/>\n<meta property=\"og:title\" content=\"Center of the body - st\u0159ed t\u011bla v Taiji (Tai chi) &#8211; Taijipodlupou.cz\" \/>\n<meta property=\"og:description\" content=\"V Taiji (Tai chi) za st\u0159ed t\u011bla pova\u017eujeme bod Dantian. Nach\u00e1z\u00ed se p\u0159ibli\u017en\u011b dva prsty pod pupkem a \u00fazce koresponduje s t\u011b\u017ei\u0161t\u011bm t\u011bla.\" \/>\n<meta property=\"og:url\" content=\"https:\/\/www.taijipodlupou.cz\/en\/tai-chi-basics\/center-of-the-body\/\" \/>\n<meta property=\"og:site_name\" content=\"Taijipodlupou.cz\" \/>\n<meta property=\"article:publisher\" content=\"https:\/\/www.facebook.com\/taijipodlupou\" \/>\n<meta property=\"article:modified_time\" content=\"2024-03-05T10:00:27+00:00\" \/>\n<meta name=\"twitter:card\" content=\"summary_large_image\" \/>\n<script type=\"application\/ld+json\" class=\"yoast-schema-graph\">{\"@context\":\"https:\\\/\\\/schema.org\",\"@graph\":[{\"@type\":\"WebPage\",\"@id\":\"https:\\\/\\\/www.taijipodlupou.cz\\\/en\\\/tai-chi-basics\\\/center-of-the-body\\\/\",\"url\":\"https:\\\/\\\/www.taijipodlupou.cz\\\/en\\\/tai-chi-basics\\\/center-of-the-body\\\/\",\"name\":\"Center of the body - st\u0159ed t\u011bla v Taiji (Tai chi) &#8211; Taijipodlupou.cz\",\"isPartOf\":{\"@id\":\"https:\\\/\\\/www.taijipodlupou.cz\\\/#website\"},\"datePublished\":\"2013-07-28T07:06:35+00:00\",\"dateModified\":\"2024-03-05T10:00:27+00:00\",\"description\":\"V Taiji (Tai chi) za st\u0159ed t\u011bla pova\u017eujeme bod Dantian. Nach\u00e1z\u00ed se p\u0159ibli\u017en\u011b dva prsty pod pupkem a \u00fazce koresponduje s t\u011b\u017ei\u0161t\u011bm t\u011bla.\",\"breadcrumb\":{\"@id\":\"https:\\\/\\\/www.taijipodlupou.cz\\\/en\\\/tai-chi-basics\\\/center-of-the-body\\\/#breadcrumb\"},\"inLanguage\":\"en-US\",\"potentialAction\":[{\"@type\":\"ReadAction\",\"target\":[\"https:\\\/\\\/www.taijipodlupou.cz\\\/en\\\/tai-chi-basics\\\/center-of-the-body\\\/\"]}]},{\"@type\":\"BreadcrumbList\",\"@id\":\"https:\\\/\\\/www.taijipodlupou.cz\\\/en\\\/tai-chi-basics\\\/center-of-the-body\\\/#breadcrumb\",\"itemListElement\":[{\"@type\":\"ListItem\",\"position\":1,\"name\":\"Dom\u016f\",\"item\":\"https:\\\/\\\/www.taijipodlupou.cz\\\/en\\\/\"},{\"@type\":\"ListItem\",\"position\":2,\"name\":\"Basics\",\"item\":\"https:\\\/\\\/www.taijipodlupou.cz\\\/en\\\/tai-chi-basics\\\/\"},{\"@type\":\"ListItem\",\"position\":3,\"name\":\"Center of the body\"}]},{\"@type\":\"WebSite\",\"@id\":\"https:\\\/\\\/www.taijipodlupou.cz\\\/#website\",\"url\":\"https:\\\/\\\/www.taijipodlupou.cz\\\/\",\"name\":\"Taijipodlupou.cz\",\"description\":\"Tradi\u010dn\u00ed \u0161kola Taiji (Tai chi) stylu Yang\",\"publisher\":{\"@id\":\"https:\\\/\\\/www.taijipodlupou.cz\\\/#organization\"},\"potentialAction\":[{\"@type\":\"SearchAction\",\"target\":{\"@type\":\"EntryPoint\",\"urlTemplate\":\"https:\\\/\\\/www.taijipodlupou.cz\\\/?s={search_term_string}\"},\"query-input\":{\"@type\":\"PropertyValueSpecification\",\"valueRequired\":true,\"valueName\":\"search_term_string\"}}],\"inLanguage\":\"en-US\"},{\"@type\":\"Organization\",\"@id\":\"https:\\\/\\\/www.taijipodlupou.cz\\\/#organization\",\"name\":\"Taijipodlupou.cz\",\"url\":\"https:\\\/\\\/www.taijipodlupou.cz\\\/\",\"logo\":{\"@type\":\"ImageObject\",\"inLanguage\":\"en-US\",\"@id\":\"https:\\\/\\\/www.taijipodlupou.cz\\\/#\\\/schema\\\/logo\\\/image\\\/\",\"url\":\"https:\\\/\\\/www.taijipodlupou.cz\\\/wp-content\\\/uploads\\\/2020\\\/09\\\/logo-original.svg\",\"contentUrl\":\"https:\\\/\\\/www.taijipodlupou.cz\\\/wp-content\\\/uploads\\\/2020\\\/09\\\/logo-original.svg\",\"width\":35,\"height\":9,\"caption\":\"Taijipodlupou.cz\"},\"image\":{\"@id\":\"https:\\\/\\\/www.taijipodlupou.cz\\\/#\\\/schema\\\/logo\\\/image\\\/\"},\"sameAs\":[\"https:\\\/\\\/www.facebook.com\\\/taijipodlupou\",\"https:\\\/\\\/www.youtube.com\\\/c\\\/Taijipodlupou\"]}]}<\/script>\n<!-- \/ Yoast SEO plugin. -->","yoast_head_json":{"title":"Center of the body - st\u0159ed t\u011bla v Taiji (Tai chi) &#8211; Taijipodlupou.cz","description":"V Taiji (Tai chi) za st\u0159ed t\u011bla pova\u017eujeme bod Dantian. Nach\u00e1z\u00ed se p\u0159ibli\u017en\u011b dva prsty pod pupkem a \u00fazce koresponduje s t\u011b\u017ei\u0161t\u011bm t\u011bla.","robots":{"index":"index","follow":"follow","max-snippet":"max-snippet:-1","max-image-preview":"max-image-preview:large","max-video-preview":"max-video-preview:-1"},"canonical":"https:\/\/www.taijipodlupou.cz\/en\/tai-chi-basics\/center-of-the-body\/","og_locale":"en_US","og_type":"article","og_title":"Center of the body - st\u0159ed t\u011bla v Taiji (Tai chi) &#8211; Taijipodlupou.cz","og_description":"V Taiji (Tai chi) za st\u0159ed t\u011bla pova\u017eujeme bod Dantian. Nach\u00e1z\u00ed se p\u0159ibli\u017en\u011b dva prsty pod pupkem a \u00fazce koresponduje s t\u011b\u017ei\u0161t\u011bm t\u011bla.","og_url":"https:\/\/www.taijipodlupou.cz\/en\/tai-chi-basics\/center-of-the-body\/","og_site_name":"Taijipodlupou.cz","article_publisher":"https:\/\/www.facebook.com\/taijipodlupou","article_modified_time":"2024-03-05T10:00:27+00:00","twitter_card":"summary_large_image","schema":{"@context":"https:\/\/schema.org","@graph":[{"@type":"WebPage","@id":"https:\/\/www.taijipodlupou.cz\/en\/tai-chi-basics\/center-of-the-body\/","url":"https:\/\/www.taijipodlupou.cz\/en\/tai-chi-basics\/center-of-the-body\/","name":"Center of the body - st\u0159ed t\u011bla v Taiji (Tai chi) &#8211; Taijipodlupou.cz","isPartOf":{"@id":"https:\/\/www.taijipodlupou.cz\/#website"},"datePublished":"2013-07-28T07:06:35+00:00","dateModified":"2024-03-05T10:00:27+00:00","description":"V Taiji (Tai chi) za st\u0159ed t\u011bla pova\u017eujeme bod Dantian. Nach\u00e1z\u00ed se p\u0159ibli\u017en\u011b dva prsty pod pupkem a \u00fazce koresponduje s t\u011b\u017ei\u0161t\u011bm t\u011bla.","breadcrumb":{"@id":"https:\/\/www.taijipodlupou.cz\/en\/tai-chi-basics\/center-of-the-body\/#breadcrumb"},"inLanguage":"en-US","potentialAction":[{"@type":"ReadAction","target":["https:\/\/www.taijipodlupou.cz\/en\/tai-chi-basics\/center-of-the-body\/"]}]},{"@type":"BreadcrumbList","@id":"https:\/\/www.taijipodlupou.cz\/en\/tai-chi-basics\/center-of-the-body\/#breadcrumb","itemListElement":[{"@type":"ListItem","position":1,"name":"Dom\u016f","item":"https:\/\/www.taijipodlupou.cz\/en\/"},{"@type":"ListItem","position":2,"name":"Basics","item":"https:\/\/www.taijipodlupou.cz\/en\/tai-chi-basics\/"},{"@type":"ListItem","position":3,"name":"Center of the body"}]},{"@type":"WebSite","@id":"https:\/\/www.taijipodlupou.cz\/#website","url":"https:\/\/www.taijipodlupou.cz\/","name":"Taijipodlupou.cz","description":"Tradi\u010dn\u00ed \u0161kola Taiji (Tai chi) stylu Yang","publisher":{"@id":"https:\/\/www.taijipodlupou.cz\/#organization"},"potentialAction":[{"@type":"SearchAction","target":{"@type":"EntryPoint","urlTemplate":"https:\/\/www.taijipodlupou.cz\/?s={search_term_string}"},"query-input":{"@type":"PropertyValueSpecification","valueRequired":true,"valueName":"search_term_string"}}],"inLanguage":"en-US"},{"@type":"Organization","@id":"https:\/\/www.taijipodlupou.cz\/#organization","name":"Taijipodlupou.cz","url":"https:\/\/www.taijipodlupou.cz\/","logo":{"@type":"ImageObject","inLanguage":"en-US","@id":"https:\/\/www.taijipodlupou.cz\/#\/schema\/logo\/image\/","url":"https:\/\/www.taijipodlupou.cz\/wp-content\/uploads\/2020\/09\/logo-original.svg","contentUrl":"https:\/\/www.taijipodlupou.cz\/wp-content\/uploads\/2020\/09\/logo-original.svg","width":35,"height":9,"caption":"Taijipodlupou.cz"},"image":{"@id":"https:\/\/www.taijipodlupou.cz\/#\/schema\/logo\/image\/"},"sameAs":["https:\/\/www.facebook.com\/taijipodlupou","https:\/\/www.youtube.com\/c\/Taijipodlupou"]}]}},"_links":{"self":[{"href":"https:\/\/www.taijipodlupou.cz\/en\/wp-json\/wp\/v2\/pages\/77378","targetHints":{"allow":["GET"]}}],"collection":[{"href":"https:\/\/www.taijipodlupou.cz\/en\/wp-json\/wp\/v2\/pages"}],"about":[{"href":"https:\/\/www.taijipodlupou.cz\/en\/wp-json\/wp\/v2\/types\/page"}],"author":[{"embeddable":true,"href":"https:\/\/www.taijipodlupou.cz\/en\/wp-json\/wp\/v2\/users\/2"}],"replies":[{"embeddable":true,"href":"https:\/\/www.taijipodlupou.cz\/en\/wp-json\/wp\/v2\/comments?post=77378"}],"version-history":[{"count":5,"href":"https:\/\/www.taijipodlupou.cz\/en\/wp-json\/wp\/v2\/pages\/77378\/revisions"}],"predecessor-version":[{"id":77384,"href":"https:\/\/www.taijipodlupou.cz\/en\/wp-json\/wp\/v2\/pages\/77378\/revisions\/77384"}],"up":[{"embeddable":true,"href":"https:\/\/www.taijipodlupou.cz\/en\/wp-json\/wp\/v2\/pages\/77328"}],"wp:attachment":[{"href":"https:\/\/www.taijipodlupou.cz\/en\/wp-json\/wp\/v2\/media?parent=77378"}],"curies":[{"name":"wp","href":"https:\/\/api.w.org\/{rel}","templated":true}]}}